{"id":2998,"date":"2025-12-30T11:35:15","date_gmt":"2025-12-30T11:35:15","guid":{"rendered":"http:\/\/dxwkgyo.cluster121.hosting.ovh.net\/?page_id=2998"},"modified":"2026-01-21T11:05:44","modified_gmt":"2026-01-21T11:05:44","slug":"mentions-legales","status":"publish","type":"page","link":"http:\/\/kidola.eu\/fr-fr\/mentions-legales\/","title":{"rendered":"Legal Notice"},"content":{"rendered":"<div data-elementor-type=\"wp-page\" data-elementor-id=\"2998\" class=\"elementor elementor-2998\" data-elementor-post-type=\"page\">\n\t\t\t\t\t\t<section class=\"elementor-section elementor-top-section elementor-element elementor-element-c00ba9e elementor-section-boxed elementor-section-height-default elementor-section-height-default\" data-id=\"c00ba9e\" data-element_type=\"section\" data-e-type=\"section\">\n\t\t\t\t\t\t<div class=\"elementor-container elementor-column-gap-default\">\n\t\t\t\t\t<div class=\"elementor-column elementor-col-100 elementor-top-column elementor-element elementor-element-9432db1\" data-id=\"9432db1\" data-element_type=\"column\" data-e-type=\"column\">\n\t\t\t<div class=\"elementor-widget-wrap elementor-element-populated\">\n\t\t\t\t\t\t<section class=\"elementor-section elementor-inner-section elementor-element elementor-element-e1647f6 elementor-section-boxed elementor-section-height-default elementor-section-height-default\" data-id=\"e1647f6\" data-element_type=\"section\" data-e-type=\"section\">\n\t\t\t\t\t\t<div class=\"elementor-container elementor-column-gap-default\">\n\t\t\t\t\t<div class=\"elementor-column elementor-col-100 elementor-inner-column elementor-element elementor-element-8cd557f\" data-id=\"8cd557f\" data-element_type=\"column\" data-e-type=\"column\">\n\t\t\t<div class=\"elementor-widget-wrap elementor-element-populated\">\n\t\t\t\t\t\t<div data-dce-title-color=\"#2E3252\" class=\"elementor-element elementor-element-39d142a elementor-widget elementor-widget-heading\" data-id=\"39d142a\" data-element_type=\"widget\" data-e-type=\"widget\" data-widget_type=\"heading.default\">\n\t\t\t\t\t<h2 class=\"elementor-heading-title elementor-size-default\">Mentions l\u00e9gales \u2013 Kidola<\/h2>\t\t\t\t<\/div>\n\t\t\t\t<div data-dce-text-color=\"#2E3252\" class=\"elementor-element elementor-element-6a9287b elementor-widget elementor-widget-text-editor\" data-id=\"6a9287b\" data-element_type=\"widget\" data-e-type=\"widget\" data-widget_type=\"text-editor.default\">\n\t\t\t\t\t\t\t\t\t<p><em>Derni\u00e8re mise \u00e0 jour : 20 janvier 2026<\/em><\/p>\t\t\t\t\t\t\t\t<\/div>\n\t\t\t\t<div data-dce-text-color=\"#2E3252\" class=\"elementor-element elementor-element-b82a03d elementor-widget elementor-widget-text-editor\" data-id=\"b82a03d\" data-element_type=\"widget\" data-e-type=\"widget\" data-widget_type=\"text-editor.default\">\n\t\t\t\t\t\t\t\t\t<h3><strong> \u00c9diteur du Site<\/strong><\/h3><p>Le site Internet accessible \u00e0 l\u2019adresse https:\/\/kidola.lu\/ (ci-apr\u00e8s le \u00ab Site \u00bb) est \u00e9dit\u00e9 et exploit\u00e9 par :<\/p><p>KIDOLA S.A., soci\u00e9t\u00e9 anonyme<br \/>RCS Luxembourg: B245482<br \/>TVA intracommunautaire : LU34733254<br \/>Si\u00e8ge social : 100, Route de Volmerange, 3593 Dudelange, Luxembourg<\/p><p>Adresse e-mail de contact : hello@kidola.lu<\/p><h3><strong> Directeur de la publication<\/strong><\/h3><p>Le directeur de la publication du Site est Quentin de Madre.<\/p><h3><strong> H\u00e9bergeur<\/strong><\/h3><p>Le Site est h\u00e9berg\u00e9 par :<br \/>OVH SAS, soci\u00e9t\u00e9 par actions simplifi\u00e9e (SAS)<br \/>Si\u00e8ge social : 2, rue Kellermann, 59100 Roubaix, France<br \/>OVH SAS, soci\u00e9t\u00e9 par actions simplifi\u00e9e (SAS)<\/p><h3><strong> Propri\u00e9t\u00e9 intellectuelle<\/strong><\/h3><p>Le Site et l\u2019ensemble de ses contenus (notamment textes, visuels, graphismes, logos, marques, structure et mise en page) sont prot\u00e9g\u00e9s par des droits de propri\u00e9t\u00e9 intellectuelle. Sauf autorisation pr\u00e9vue par la loi, toute reproduction, repr\u00e9sentation, adaptation, distribution ou r\u00e9utilisation, totale ou partielle, est interdite sans l\u2019accord \u00e9crit pr\u00e9alable de Kidola.<\/p><h3><strong> Responsabilit\u00e9<\/strong><\/h3><p>Kidola s\u2019efforce de fournir sur le Site des informations exactes et \u00e0 jour. Toutefois, le Site est fourni \u00e0 titre informatif et Kidola ne garantit pas l\u2019exhaustivit\u00e9, l\u2019exactitude ou l\u2019actualisation des informations publi\u00e9es. Dans la limite permise par la r\u00e9glementation applicable, Kidola ne saurait \u00eatre tenue responsable de tout dommage direct ou indirect r\u00e9sultant de l\u2019acc\u00e8s au Site, de son utilisation ou de l\u2019impossibilit\u00e9 de l\u2019utiliser.<\/p><h3><strong> Liens externes<\/strong><\/h3><p>Le Site peut contenir des liens vers des sites ou services tiers. Kidola n\u2019exerce aucun contr\u00f4le sur ces contenus tiers et ne peut en \u00eatre tenue responsable. L\u2019acc\u00e8s aux sites tiers s\u2019effectue sous la responsabilit\u00e9 de l\u2019utilisateur et conform\u00e9ment aux conditions des tiers.<\/p><h3><strong> Donn\u00e9es personnelles et cookies<\/strong><\/h3><p>Pour en savoir plus sur le traitement des donn\u00e9es \u00e0 caract\u00e8re personnel et l\u2019utilisation des cookies sur le Site, veuillez consulter notre Politique de confidentialit\u00e9 et notre Politique relative aux cookies disponibles sur le Site.<\/p><h3><strong> Droit applicable et juridiction comp\u00e9tente<\/strong><\/h3><p>Les pr\u00e9sentes mentions l\u00e9gales sont r\u00e9gies par le droit luxembourgeois. Sauf dispositions imp\u00e9ratives contraires, tout litige relatif au Site rel\u00e8ve de la comp\u00e9tence des tribunaux comp\u00e9tents du Luxembourg.<\/p>\t\t\t\t\t\t\t\t<\/div>\n\t\t\t\t\t<\/div>\n\t\t<\/div>\n\t\t\t\t\t<\/div>\n\t\t<\/section>\n\t\t\t\t\t<\/div>\n\t\t<\/div>\n\t\t\t\t\t<\/div>\n\t\t<\/section>\n\t\t\t\t<\/div>","protected":false},"excerpt":{"rendered":"<p>Legal Notice (Imprint) \u2013 Kidola Last updated: 20 January 2026 Website publisher The website accessible at https:\/\/kidola.lu\/ (the \u201cWebsite\u201d) is published and operated by: KIDOLA S.A., a public limited company (soci\u00e9t\u00e9 anonyme)RCS Luxembourg: B245482VAT (Intra-Community VAT): LU34733254Registered office: 100, Route de Volmerange, 3593 Dudelange, Luxembourg Contact email (preferred): hello@kidola.lu Publishing director The Website\u2019s publishing director [&hellip;]<\/p>\n","protected":false},"author":3,"featured_media":0,"parent":0,"menu_order":0,"comment_status":"closed","ping_status":"closed","template":"","meta":{"_acf_changed":false,"content-type":"","footnotes":""},"class_list":["post-2998","page","type-page","status-publish","hentry"],"acf":[],"yoast_head":"<!-- This site is optimized with the Yoast SEO plugin v27.4 - https:\/\/yoast.com\/product\/yoast-seo-wordpress\/ -->\n<title>Legal Notice - Kidola<\/title>\n<meta name=\"robots\" content=\"index, follow, max-snippet:-1, max-image-preview:large, max-video-preview:-1\" \/>\n<link rel=\"canonical\" href=\"https:\/\/kidola.eu\/fr-fr\/mentions-legales\/\" \/>\n<meta property=\"og:locale\" content=\"fr_FR\" \/>\n<meta property=\"og:type\" content=\"article\" \/>\n<meta property=\"og:title\" content=\"Legal Notice - Kidola\" \/>\n<meta property=\"og:description\" content=\"Legal Notice (Imprint) \u2013 Kidola Last updated: 20 January 2026 Website publisher The website accessible at https:\/\/kidola.lu\/ (the \u201cWebsite\u201d) is published and operated by: KIDOLA S.A., a public limited company (soci\u00e9t\u00e9 anonyme)RCS Luxembourg: B245482VAT (Intra-Community VAT): LU34733254Registered office: 100, Route de Volmerange, 3593 Dudelange, Luxembourg Contact email (preferred): hello@kidola.lu Publishing director The Website\u2019s publishing director [&hellip;]\" \/>\n<meta property=\"og:url\" content=\"https:\/\/kidola.eu\/fr-fr\/mentions-legales\/\" \/>\n<meta property=\"og:site_name\" content=\"Kidola\" \/>\n<meta property=\"article:publisher\" content=\"https:\/\/www.facebook.com\/kidola.club\/\" \/>\n<meta property=\"article:modified_time\" content=\"2026-01-21T11:05:44+00:00\" \/>\n<meta name=\"twitter:card\" content=\"summary_large_image\" \/>\n<meta name=\"twitter:label1\" content=\"Dur\u00e9e de lecture estim\u00e9e\" \/>\n\t<meta name=\"twitter:data1\" content=\"2 minutes\" \/>\n<script type=\"application\/ld+json\" class=\"yoast-schema-graph\">{\"@context\":\"https:\\\/\\\/schema.org\",\"@graph\":[{\"@type\":\"WebPage\",\"@id\":\"https:\\\/\\\/kidola.eu\\\/legal-notice\\\/\",\"url\":\"https:\\\/\\\/kidola.eu\\\/legal-notice\\\/\",\"name\":\"Legal Notice - Kidola\",\"isPartOf\":{\"@id\":\"https:\\\/\\\/kidola.eu\\\/be-en\\\/#website\"},\"datePublished\":\"2025-12-30T11:35:15+00:00\",\"dateModified\":\"2026-01-21T11:05:44+00:00\",\"breadcrumb\":{\"@id\":\"https:\\\/\\\/kidola.eu\\\/legal-notice\\\/#breadcrumb\"},\"inLanguage\":\"fr-FR\",\"potentialAction\":[{\"@type\":\"ReadAction\",\"target\":[\"https:\\\/\\\/kidola.eu\\\/legal-notice\\\/\"]}]},{\"@type\":\"BreadcrumbList\",\"@id\":\"https:\\\/\\\/kidola.eu\\\/legal-notice\\\/#breadcrumb\",\"itemListElement\":[{\"@type\":\"ListItem\",\"position\":1,\"name\":\"Home\",\"item\":\"https:\\\/\\\/kidola.eu\\\/\"},{\"@type\":\"ListItem\",\"position\":2,\"name\":\"Legal Notice\"}]},{\"@type\":\"WebSite\",\"@id\":\"https:\\\/\\\/kidola.eu\\\/be-en\\\/#website\",\"url\":\"https:\\\/\\\/kidola.eu\\\/be-en\\\/\",\"name\":\"Kidola\",\"description\":\"\",\"publisher\":{\"@id\":\"https:\\\/\\\/kidola.eu\\\/be-en\\\/#organization\"},\"potentialAction\":[{\"@type\":\"SearchAction\",\"target\":{\"@type\":\"EntryPoint\",\"urlTemplate\":\"https:\\\/\\\/kidola.eu\\\/be-en\\\/?s={search_term_string}\"},\"query-input\":{\"@type\":\"PropertyValueSpecification\",\"valueRequired\":true,\"valueName\":\"search_term_string\"}}],\"inLanguage\":\"fr-FR\"},{\"@type\":\"Organization\",\"@id\":\"https:\\\/\\\/kidola.eu\\\/be-en\\\/#organization\",\"name\":\"Kidola\",\"url\":\"https:\\\/\\\/kidola.eu\\\/be-en\\\/\",\"logo\":{\"@type\":\"ImageObject\",\"inLanguage\":\"fr-FR\",\"@id\":\"https:\\\/\\\/kidola.eu\\\/be-en\\\/#\\\/schema\\\/logo\\\/image\\\/\",\"url\":\"https:\\\/\\\/kidola.eu\\\/wp-content\\\/uploads\\\/2025\\\/12\\\/Kidola-logo-1.webp\",\"contentUrl\":\"https:\\\/\\\/kidola.eu\\\/wp-content\\\/uploads\\\/2025\\\/12\\\/Kidola-logo-1.webp\",\"width\":715,\"height\":216,\"caption\":\"Kidola\"},\"image\":{\"@id\":\"https:\\\/\\\/kidola.eu\\\/be-en\\\/#\\\/schema\\\/logo\\\/image\\\/\"},\"sameAs\":[\"https:\\\/\\\/www.facebook.com\\\/kidola.club\\\/\",\"https:\\\/\\\/www.instagram.com\\\/kidola.club\\\/\",\"https:\\\/\\\/www.linkedin.com\\\/company\\\/kidola\\\/\"]}]}<\/script>\n<!-- \/ Yoast SEO plugin. -->","yoast_head_json":{"title":"Legal Notice - Kidola","robots":{"index":"index","follow":"follow","max-snippet":"max-snippet:-1","max-image-preview":"max-image-preview:large","max-video-preview":"max-video-preview:-1"},"canonical":"https:\/\/kidola.eu\/fr-fr\/mentions-legales\/","og_locale":"fr_FR","og_type":"article","og_title":"Legal Notice - Kidola","og_description":"Legal Notice (Imprint) \u2013 Kidola Last updated: 20 January 2026 Website publisher The website accessible at https:\/\/kidola.lu\/ (the \u201cWebsite\u201d) is published and operated by: KIDOLA S.A., a public limited company (soci\u00e9t\u00e9 anonyme)RCS Luxembourg: B245482VAT (Intra-Community VAT): LU34733254Registered office: 100, Route de Volmerange, 3593 Dudelange, Luxembourg Contact email (preferred): hello@kidola.lu Publishing director The Website\u2019s publishing director [&hellip;]","og_url":"https:\/\/kidola.eu\/fr-fr\/mentions-legales\/","og_site_name":"Kidola","article_publisher":"https:\/\/www.facebook.com\/kidola.club\/","article_modified_time":"2026-01-21T11:05:44+00:00","twitter_card":"summary_large_image","twitter_misc":{"Dur\u00e9e de lecture estim\u00e9e":"2 minutes"},"schema":{"@context":"https:\/\/schema.org","@graph":[{"@type":"WebPage","@id":"https:\/\/kidola.eu\/legal-notice\/","url":"https:\/\/kidola.eu\/legal-notice\/","name":"Legal Notice - Kidola","isPartOf":{"@id":"https:\/\/kidola.eu\/be-en\/#website"},"datePublished":"2025-12-30T11:35:15+00:00","dateModified":"2026-01-21T11:05:44+00:00","breadcrumb":{"@id":"https:\/\/kidola.eu\/legal-notice\/#breadcrumb"},"inLanguage":"fr-FR","potentialAction":[{"@type":"ReadAction","target":["https:\/\/kidola.eu\/legal-notice\/"]}]},{"@type":"BreadcrumbList","@id":"https:\/\/kidola.eu\/legal-notice\/#breadcrumb","itemListElement":[{"@type":"ListItem","position":1,"name":"Home","item":"https:\/\/kidola.eu\/"},{"@type":"ListItem","position":2,"name":"Legal Notice"}]},{"@type":"WebSite","@id":"https:\/\/kidola.eu\/be-en\/#website","url":"https:\/\/kidola.eu\/be-en\/","name":"Kidola","description":"","publisher":{"@id":"https:\/\/kidola.eu\/be-en\/#organization"},"potentialAction":[{"@type":"SearchAction","target":{"@type":"EntryPoint","urlTemplate":"https:\/\/kidola.eu\/be-en\/?s={search_term_string}"},"query-input":{"@type":"PropertyValueSpecification","valueRequired":true,"valueName":"search_term_string"}}],"inLanguage":"fr-FR"},{"@type":"Organization","@id":"https:\/\/kidola.eu\/be-en\/#organization","name":"Kidola","url":"https:\/\/kidola.eu\/be-en\/","logo":{"@type":"ImageObject","inLanguage":"fr-FR","@id":"https:\/\/kidola.eu\/be-en\/#\/schema\/logo\/image\/","url":"https:\/\/kidola.eu\/wp-content\/uploads\/2025\/12\/Kidola-logo-1.webp","contentUrl":"https:\/\/kidola.eu\/wp-content\/uploads\/2025\/12\/Kidola-logo-1.webp","width":715,"height":216,"caption":"Kidola"},"image":{"@id":"https:\/\/kidola.eu\/be-en\/#\/schema\/logo\/image\/"},"sameAs":["https:\/\/www.facebook.com\/kidola.club\/","https:\/\/www.instagram.com\/kidola.club\/","https:\/\/www.linkedin.com\/company\/kidola\/"]}]}},"_links":{"self":[{"href":"http:\/\/kidola.eu\/fr-fr\/wp-json\/wp\/v2\/pages\/2998","targetHints":{"allow":["GET"]}}],"collection":[{"href":"http:\/\/kidola.eu\/fr-fr\/wp-json\/wp\/v2\/pages"}],"about":[{"href":"http:\/\/kidola.eu\/fr-fr\/wp-json\/wp\/v2\/types\/page"}],"author":[{"embeddable":true,"href":"http:\/\/kidola.eu\/fr-fr\/wp-json\/wp\/v2\/users\/3"}],"replies":[{"embeddable":true,"href":"http:\/\/kidola.eu\/fr-fr\/wp-json\/wp\/v2\/comments?post=2998"}],"version-history":[{"count":7,"href":"http:\/\/kidola.eu\/fr-fr\/wp-json\/wp\/v2\/pages\/2998\/revisions"}],"predecessor-version":[{"id":3077,"href":"http:\/\/kidola.eu\/fr-fr\/wp-json\/wp\/v2\/pages\/2998\/revisions\/3077"}],"wp:attachment":[{"href":"http:\/\/kidola.eu\/fr-fr\/wp-json\/wp\/v2\/media?parent=2998"}],"curies":[{"name":"wp","href":"https:\/\/api.w.org\/{rel}","templated":true}]}}