{"id":2992,"date":"2025-12-30T11:33:58","date_gmt":"2025-12-30T11:33:58","guid":{"rendered":"http:\/\/dxwkgyo.cluster121.hosting.ovh.net\/?page_id=2992"},"modified":"2026-01-21T09:05:07","modified_gmt":"2026-01-21T09:05:07","slug":"politique-confidentialite","status":"publish","type":"page","link":"http:\/\/kidola.eu\/be-fr\/politique-confidentialite\/","title":{"rendered":"Politique de confidentialit\u00e9"},"content":{"rendered":"<div data-elementor-type=\"wp-page\" data-elementor-id=\"2992\" class=\"elementor elementor-2992\" data-elementor-post-type=\"page\">\n\t\t\t\t\t\t<section class=\"elementor-section elementor-top-section elementor-element elementor-element-4251000 elementor-section-boxed elementor-section-height-default elementor-section-height-default\" data-id=\"4251000\" data-element_type=\"section\" data-e-type=\"section\">\n\t\t\t\t\t\t<div class=\"elementor-container elementor-column-gap-default\">\n\t\t\t\t\t<div class=\"elementor-column elementor-col-100 elementor-top-column elementor-element elementor-element-945e9ef\" data-id=\"945e9ef\" data-element_type=\"column\" data-e-type=\"column\">\n\t\t\t<div class=\"elementor-widget-wrap elementor-element-populated\">\n\t\t\t\t\t\t<section class=\"elementor-section elementor-inner-section elementor-element elementor-element-a28fe2e elementor-section-boxed elementor-section-height-default elementor-section-height-default\" data-id=\"a28fe2e\" data-element_type=\"section\" data-e-type=\"section\">\n\t\t\t\t\t\t<div class=\"elementor-container elementor-column-gap-default\">\n\t\t\t\t\t<div class=\"elementor-column elementor-col-100 elementor-inner-column elementor-element elementor-element-c67d2de\" data-id=\"c67d2de\" data-element_type=\"column\" data-e-type=\"column\">\n\t\t\t<div class=\"elementor-widget-wrap elementor-element-populated\">\n\t\t\t\t\t\t<div data-dce-title-color=\"#2E3252\" class=\"elementor-element elementor-element-c8d5555 elementor-widget elementor-widget-heading\" data-id=\"c8d5555\" data-element_type=\"widget\" data-e-type=\"widget\" data-widget_type=\"heading.default\">\n\t\t\t\t\t<h2 class=\"elementor-heading-title elementor-size-default\">Politique de confidentialit\u00e9<\/h2>\t\t\t\t<\/div>\n\t\t\t\t<div data-dce-text-color=\"#2E3252\" class=\"elementor-element elementor-element-0300801 elementor-widget elementor-widget-text-editor\" data-id=\"0300801\" data-element_type=\"widget\" data-e-type=\"widget\" data-widget_type=\"text-editor.default\">\n\t\t\t\t\t\t\t\t\t<p><em>Derni\u00e8re mise \u00e0 jour : 15 janvier 2026<\/em><\/p>\t\t\t\t\t\t\t\t<\/div>\n\t\t\t\t<div data-dce-text-color=\"#2E3252\" class=\"elementor-element elementor-element-5065dd3 elementor-widget elementor-widget-text-editor\" data-id=\"5065dd3\" data-element_type=\"widget\" data-e-type=\"widget\" data-widget_type=\"text-editor.default\">\n\t\t\t\t\t\t\t\t\t<h3><strong> Qui sommes-nous (responsable du traitement pour ce Site)<\/strong><\/h3><p>La pr\u00e9sente Politique de confidentialit\u00e9 d\u00e9crit la mani\u00e8re dont KIDOLA S.A. (RCS Luxembourg B245482) (\u00ab Kidola \u00bb, \u00ab nous \u00bb, \u00ab notre \u00bb) traite des donn\u00e9es \u00e0 caract\u00e8re personnel lorsque vous visitez ou interagissez avec notre site Internet https:\/\/kidola.lu (le \u00ab Site \u00bb) et lorsque nous g\u00e9rons nos relations clients\/prospects.<\/p><p>KIDOLA S.A.<br \/>100, Route de Volmerange<br \/>3593 Dudelange<br \/>Luxembourg<\/p><p>E-mail : hello@kidola.lu<\/p><p>D\u00e9l\u00e9gu\u00e9 \u00e0 la protection des donn\u00e9es (DPD\/DPO) : Quentin de Madre \u2013 quentin@kidola.lu<\/p><h3><strong> P\u00e9rim\u00e8tre et r\u00f4les (Site vs application Kidola)<\/strong><\/h3><p>Site &amp; contacts professionnels : Kidola agit en qualit\u00e9 de responsable du traitement pour les donn\u00e9es collect\u00e9es via le Site (p. ex. demandes de d\u00e9monstration, demandes de contact) et pour les donn\u00e9es commerciales ou de relation client relatives \u00e0 nos clients et prospects.<\/p><p>Application Kidola utilis\u00e9e par les cr\u00e8ches : dans le cadre de la plateforme web\/app Kidola utilis\u00e9e par les cr\u00e8ches\/cr\u00e8ches, la cr\u00e8che est en principe responsable du traitement et Kidola intervient en qualit\u00e9 de sous-traitant, en traitant les donn\u00e9es sur instructions document\u00e9es de la cr\u00e8che. Ainsi, si vous \u00eates parent\/tuteur, veuillez contacter votre cr\u00e8che au sujet des donn\u00e9es vous concernant trait\u00e9es via l\u2019application.<\/p><h3><strong> Donn\u00e9es \u00e0 caract\u00e8re personnel que nous traitons<\/strong><\/h3><p>Selon vos interactions, nous pouvons traiter les cat\u00e9gories de donn\u00e9es suivantes :<\/p><ul><li>Donn\u00e9es d\u2019identification et de contact : nom, adresse e-mail, num\u00e9ro de t\u00e9l\u00e9phone, organisation, fonction.<\/li><li>Communications : contenu des messages que vous nous adressez, demandes d\u2019assistance, et m\u00e9tadonn\u00e9es associ\u00e9es.<\/li><li>Donn\u00e9es d\u2019usage et de terminal (Site) : adresse IP, identifiants de cookies, pages consult\u00e9es, localisation approximative, informations navigateur\/terminal.<\/li><\/ul><p>Dans l\u2019application Kidola (trait\u00e9e pour le compte des cr\u00e8ches), les donn\u00e9es peuvent notamment inclure :<\/p><ul><li>Profils enfants : nom, \u00e2ge, sexe, num\u00e9ro d\u2019identification.<\/li><li>Profils de tuteur : nom, adresse e-mail et num\u00e9ro de t\u00e9l\u00e9phone.<\/li><li>Profils utilisateurs internes de la cr\u00e8che : nom et adresse e-mail.<\/li><li>Donn\u00e9es de suivi quotidien saisies par le personnel : heures d\u2019arriv\u00e9e et de d\u00e9part, activit\u00e9s (horaires, type d\u2019activit\u00e9, appr\u00e9ciation\/commentaire), sieste (horaires), hygi\u00e8ne (horaires, types de selles et\/ou changement de v\u00eatements), nourriture (horaires, type, quantit\u00e9, appr\u00e9ciation), commentaires etc.<\/li><\/ul><h3><strong> Finalit\u00e9s et bases juridiques<\/strong><\/h3><p>Nous traitons des donn\u00e9es \u00e0 caract\u00e8re personnel pour les finalit\u00e9s et sur les bases juridiques suivantes (RGPD, art. 6) :<\/p><ul><li>R\u00e9pondre aux demandes et fournir des d\u00e9monstrations \/ support (art. 6(1)(b) \u2013 mesures pr\u00e9contractuelles, ou art. 6(1)(f) \u2013 int\u00e9r\u00eats l\u00e9gitimes).<\/li><li>G\u00e9rer les relations clients et fournisseurs (art. 6(1)(b) \u2013 ex\u00e9cution du contrat ; et\/ou art. 6(1)(f) \u2013 int\u00e9r\u00eats l\u00e9gitimes).<\/li><li>Respecter nos obligations l\u00e9gales (art. 6(1)(c)).<\/li><li>Am\u00e9liorer et s\u00e9curiser le Site, pr\u00e9venir la fraude et maintenir des journaux techniques (art. 6(1)(f)).<\/li><li>Mesurer l\u2019audience du Site et activer des tags\/traceurs marketing ou publicitaires lorsque vous y consentez (art. 6(1)(a) \u2013 consentement).<\/li><\/ul><p>Pour l\u2019application Kidola, lorsque nous agissons en qualit\u00e9 de sous-traitant, les traitements sont r\u00e9alis\u00e9s sur instructions document\u00e9es de la cr\u00e8che et dans le cadre de nos engagements contractuels (RGPD, art. 28). Dans ce cas, la cr\u00e8che (en tant que responsable du traitement) est responsable de la mise en place des conditions juridiques appropri\u00e9es, et Kidola ne traite ces donn\u00e9es que sur la base des instructions document\u00e9es de la cr\u00e8che.<\/p><h3><strong> Cookies et technologies similaires<\/strong><\/h3><p>Nous utilisons des cookies et technologies similaires sur le Site. Les cookies non essentiels (mesure d\u2019audience\/marketing) ne sont d\u00e9pos\u00e9s que sur la base de votre consentement, que vous pouvez retirer \u00e0 tout moment via les param\u00e8tres cookies.<\/p><p>Le Site peut utiliser, selon vos choix, les outils suivants : Google Tag Manager, Google Analytics, Meta Pixel, HubSpot, et potentiellement Google Ads et LinkedIn Ads.<\/p><p>Important : les tags\/traceurs d\u2019analytics et de marketing\/publicit\u00e9 d\u00e9crits dans la pr\u00e9sente section s\u2019appliquent uniquement au Site public. Ils ne sont pas utilis\u00e9s dans l\u2019application Kidola utilis\u00e9e par les cr\u00e8ches.<\/p><p>Pour plus d\u2019informations, veuillez consulter notre Politique relative aux cookies disponible sur le Site.<\/p><h3><strong> Destinataires des donn\u00e9es<\/strong><\/h3><p>Nous pouvons partager des donn\u00e9es \u00e0 caract\u00e8re personnel issues du Site avec :<\/p><ul><li>Nos collaborateurs et prestataires autoris\u00e9s ayant besoin d\u2019y acc\u00e9der (support, administration, ventes).<\/li><li>Nos prestataires techniques agissant pour notre compte (h\u00e9bergement, envoi d\u2019e-mails, s\u00e9curit\u00e9, outils d\u2019analytics\/consentement).<\/li><li>Nos partenaires marketing\/publicitaires lorsque vous y avez consenti (p. ex. Meta, Google, LinkedIn) \u00e0 des fins de mesure et de campagnes (Site uniquement).<\/li><\/ul><p>Dans le contexte de l\u2019application Kidola, les donn\u00e9es sont g\u00e9n\u00e9ralement partag\u00e9es par la cr\u00e8che avec (i) son personnel, (ii) les tuteurs concern\u00e9s pour leur(s) enfant(s), et (iii) le cas \u00e9ch\u00e9ant, des autorit\u00e9s publiques pour des besoins d\u2019administration\/facturation, sous la responsabilit\u00e9 de la cr\u00e8che.<\/p><h3><strong> Transferts internationaux<\/strong><\/h3><p>Pour l\u2019application Kidola, les donn\u00e9es sont h\u00e9berg\u00e9es dans l\u2019Union europ\u00e9enne \/ r\u00e9gion europ\u00e9enne. Pour les outils de mesure d\u2019audience et marketing du Site, certains prestataires peuvent traiter des donn\u00e9es en dehors de l\u2019Espace \u00e9conomique europ\u00e9en (EEE). Dans ce cas, nous mettons en place des garanties appropri\u00e9es (telles que les Clauses contractuelles types de la Commission europ\u00e9enne) et, lorsque requis, des mesures compl\u00e9mentaires.<\/p><h3><strong> Dur\u00e9es de conservation<\/strong><\/h3><p>Nous conservons les donn\u00e9es uniquement pendant la dur\u00e9e n\u00e9cessaire aux finalit\u00e9s d\u00e9crites :<\/p><ul><li>Photos dans l\u2019application Kidola : conserv\u00e9es 3 mois ; les sauvegardes sont supprim\u00e9es dans un d\u00e9lai d\u20191 mois suppl\u00e9mentaire apr\u00e8s suppression de l\u2019original.<\/li><li>Autres donn\u00e9es de l\u2019application Kidola : conserv\u00e9es jusqu\u2019\u00e0 demande d\u2019export et\/ou de suppression par la cr\u00e8che ; les sauvegardes sont supprim\u00e9es dans un d\u00e9lai d\u20191 mois apr\u00e8s suppression.<\/li><li>Demandes via le Site et contacts professionnels : pendant la dur\u00e9e de la relation puis pour une dur\u00e9e limit\u00e9e (g\u00e9n\u00e9ralement jusqu\u2019\u00e0 5 ans) afin d\u2019assurer le suivi, respecter nos obligations et g\u00e9rer d\u2019\u00e9ventuels litiges, sauf obligation l\u00e9gale de conservation plus longue.<\/li><li>Pr\u00e9f\u00e9rences cookies : jusqu\u2019\u00e0 12 mois (nous pourrons ensuite vous inviter \u00e0 renouveler votre choix).<br \/><br \/><\/li><\/ul><h3><strong> S\u00e9curit\u00e9<\/strong><\/h3><p>Nous mettons en \u0153uvre des mesures techniques et organisationnelles appropri\u00e9es visant \u00e0 prot\u00e9ger les donn\u00e9es \u00e0 caract\u00e8re personnel contre la destruction accidentelle ou illicite, la perte, l\u2019alt\u00e9ration, la divulgation non autoris\u00e9e ou l\u2019acc\u00e8s non autoris\u00e9. Ces mesures peuvent inclure des contr\u00f4les d\u2019acc\u00e8s, le chiffrement en transit et une surveillance de s\u00e9curit\u00e9.<\/p><h3><strong> Vos droits<\/strong><\/h3><p>Selon le contexte, vous disposez des droits d\u2019acc\u00e8s, de rectification, d\u2019effacement, de limitation, de portabilit\u00e9 et d\u2019opposition. Lorsque le traitement est fond\u00e9 sur le consentement, vous pouvez retirer votre consentement \u00e0 tout moment, sans porter atteinte \u00e0 la lic\u00e9it\u00e9 du traitement effectu\u00e9 avant ce retrait.<\/p><p>Si vos donn\u00e9es sont trait\u00e9es dans l\u2019application Kidola par votre cr\u00e8che, celle-ci est responsable du traitement. Pour exercer vos droits dans ce contexte, veuillez contacter directement votre cr\u00e8che. Le cas \u00e9ch\u00e9ant, la cr\u00e8che pourra nous solliciter en tant que sous-traitant afin de mettre en \u0153uvre votre demande.<\/p><p>Pour les donn\u00e9es du Site et les contacts professionnels trait\u00e9s par Kidola en tant que responsable du traitement : hello@kidola.lu.<\/p><h3><strong>Mise \u00e0 jour de la Politique<\/strong><\/h3><p>Nous pouvons modifier la pr\u00e9sente Politique de confidentialit\u00e9 \u00e0 tout moment. La version mise \u00e0 jour sera publi\u00e9e sur cette page et la date de \u00ab Derni\u00e8re mise \u00e0 jour \u00bb sera ajust\u00e9e en cons\u00e9quence.<\/p>\t\t\t\t\t\t\t\t<\/div>\n\t\t\t\t\t<\/div>\n\t\t<\/div>\n\t\t\t\t\t<\/div>\n\t\t<\/section>\n\t\t\t\t\t<\/div>\n\t\t<\/div>\n\t\t\t\t\t<\/div>\n\t\t<\/section>\n\t\t\t\t<\/div>","protected":false},"excerpt":{"rendered":"<p>Privacy Policy Last updated: 15 January 2026 Who we are (data controller for this Website) This Privacy Policy describes how KIDOLA S.A. (RCS Luxembourg B245482) (\u201cKidola\u201d, \u201cwe\u201d, \u201cus\u201d) processes personal data when you visit or interact with our website https:\/\/kidola.lu (the \u201cWebsite\u201d) and when we manage our customer\/prospect relationships. KIDOLA S.A.100, Route de Volmerange3593 DudelangeLuxembourg [&hellip;]<\/p>\n","protected":false},"author":3,"featured_media":0,"parent":0,"menu_order":0,"comment_status":"closed","ping_status":"closed","template":"","meta":{"_acf_changed":false,"content-type":"","footnotes":""},"class_list":["post-2992","page","type-page","status-publish","hentry"],"acf":[],"yoast_head":"<!-- This site is optimized with the Yoast SEO plugin v27.4 - https:\/\/yoast.com\/product\/yoast-seo-wordpress\/ -->\n<title>Privacy Policy - Kidola<\/title>\n<meta name=\"robots\" content=\"index, follow, max-snippet:-1, max-image-preview:large, max-video-preview:-1\" \/>\n<link rel=\"canonical\" href=\"https:\/\/kidola.eu\/be-fr\/politique-confidentialite\/\" \/>\n<meta property=\"og:locale\" content=\"fr_FR\" \/>\n<meta property=\"og:type\" content=\"article\" \/>\n<meta property=\"og:title\" content=\"Privacy Policy - Kidola\" \/>\n<meta property=\"og:description\" content=\"Privacy Policy Last updated: 15 January 2026 Who we are (data controller for this Website) This Privacy Policy describes how KIDOLA S.A. (RCS Luxembourg B245482) (\u201cKidola\u201d, \u201cwe\u201d, \u201cus\u201d) processes personal data when you visit or interact with our website https:\/\/kidola.lu (the \u201cWebsite\u201d) and when we manage our customer\/prospect relationships. KIDOLA S.A.100, Route de Volmerange3593 DudelangeLuxembourg [&hellip;]\" \/>\n<meta property=\"og:url\" content=\"https:\/\/kidola.eu\/be-fr\/politique-confidentialite\/\" \/>\n<meta property=\"og:site_name\" content=\"Kidola\" \/>\n<meta property=\"article:publisher\" content=\"https:\/\/www.facebook.com\/kidola.club\/\" \/>\n<meta property=\"article:modified_time\" content=\"2026-01-21T09:05:07+00:00\" \/>\n<meta name=\"twitter:card\" content=\"summary_large_image\" \/>\n<meta name=\"twitter:label1\" content=\"Dur\u00e9e de lecture est.\" \/>\n\t<meta name=\"twitter:data1\" content=\"5 minutes\" \/>\n<script type=\"application\/ld+json\" class=\"yoast-schema-graph\">{\"@context\":\"https:\\\/\\\/schema.org\",\"@graph\":[{\"@type\":\"WebPage\",\"@id\":\"https:\\\/\\\/kidola.eu\\\/privacy-policy\\\/\",\"url\":\"https:\\\/\\\/kidola.eu\\\/privacy-policy\\\/\",\"name\":\"Privacy Policy - Kidola\",\"isPartOf\":{\"@id\":\"https:\\\/\\\/kidola.eu\\\/be-en\\\/#website\"},\"datePublished\":\"2025-12-30T11:33:58+00:00\",\"dateModified\":\"2026-01-21T09:05:07+00:00\",\"breadcrumb\":{\"@id\":\"https:\\\/\\\/kidola.eu\\\/privacy-policy\\\/#breadcrumb\"},\"inLanguage\":\"fr-BE\",\"potentialAction\":[{\"@type\":\"ReadAction\",\"target\":[\"https:\\\/\\\/kidola.eu\\\/privacy-policy\\\/\"]}]},{\"@type\":\"BreadcrumbList\",\"@id\":\"https:\\\/\\\/kidola.eu\\\/privacy-policy\\\/#breadcrumb\",\"itemListElement\":[{\"@type\":\"ListItem\",\"position\":1,\"name\":\"Home\",\"item\":\"https:\\\/\\\/kidola.eu\\\/\"},{\"@type\":\"ListItem\",\"position\":2,\"name\":\"Privacy Policy\"}]},{\"@type\":\"WebSite\",\"@id\":\"https:\\\/\\\/kidola.eu\\\/be-en\\\/#website\",\"url\":\"https:\\\/\\\/kidola.eu\\\/be-en\\\/\",\"name\":\"Kidola\",\"description\":\"\",\"publisher\":{\"@id\":\"https:\\\/\\\/kidola.eu\\\/be-en\\\/#organization\"},\"potentialAction\":[{\"@type\":\"SearchAction\",\"target\":{\"@type\":\"EntryPoint\",\"urlTemplate\":\"https:\\\/\\\/kidola.eu\\\/be-en\\\/?s={search_term_string}\"},\"query-input\":{\"@type\":\"PropertyValueSpecification\",\"valueRequired\":true,\"valueName\":\"search_term_string\"}}],\"inLanguage\":\"fr-BE\"},{\"@type\":\"Organization\",\"@id\":\"https:\\\/\\\/kidola.eu\\\/be-en\\\/#organization\",\"name\":\"Kidola\",\"url\":\"https:\\\/\\\/kidola.eu\\\/be-en\\\/\",\"logo\":{\"@type\":\"ImageObject\",\"inLanguage\":\"fr-BE\",\"@id\":\"https:\\\/\\\/kidola.eu\\\/be-en\\\/#\\\/schema\\\/logo\\\/image\\\/\",\"url\":\"https:\\\/\\\/kidola.eu\\\/wp-content\\\/uploads\\\/2025\\\/12\\\/Kidola-logo-1.webp\",\"contentUrl\":\"https:\\\/\\\/kidola.eu\\\/wp-content\\\/uploads\\\/2025\\\/12\\\/Kidola-logo-1.webp\",\"width\":715,\"height\":216,\"caption\":\"Kidola\"},\"image\":{\"@id\":\"https:\\\/\\\/kidola.eu\\\/be-en\\\/#\\\/schema\\\/logo\\\/image\\\/\"},\"sameAs\":[\"https:\\\/\\\/www.facebook.com\\\/kidola.club\\\/\",\"https:\\\/\\\/www.instagram.com\\\/kidola.club\\\/\",\"https:\\\/\\\/www.linkedin.com\\\/company\\\/kidola\\\/\"]}]}<\/script>\n<!-- \/ Yoast SEO plugin. -->","yoast_head_json":{"title":"Privacy Policy - Kidola","robots":{"index":"index","follow":"follow","max-snippet":"max-snippet:-1","max-image-preview":"max-image-preview:large","max-video-preview":"max-video-preview:-1"},"canonical":"https:\/\/kidola.eu\/be-fr\/politique-confidentialite\/","og_locale":"fr_FR","og_type":"article","og_title":"Privacy Policy - Kidola","og_description":"Privacy Policy Last updated: 15 January 2026 Who we are (data controller for this Website) This Privacy Policy describes how KIDOLA S.A. (RCS Luxembourg B245482) (\u201cKidola\u201d, \u201cwe\u201d, \u201cus\u201d) processes personal data when you visit or interact with our website https:\/\/kidola.lu (the \u201cWebsite\u201d) and when we manage our customer\/prospect relationships. KIDOLA S.A.100, Route de Volmerange3593 DudelangeLuxembourg [&hellip;]","og_url":"https:\/\/kidola.eu\/be-fr\/politique-confidentialite\/","og_site_name":"Kidola","article_publisher":"https:\/\/www.facebook.com\/kidola.club\/","article_modified_time":"2026-01-21T09:05:07+00:00","twitter_card":"summary_large_image","twitter_misc":{"Dur\u00e9e de lecture est.":"5 minutes"},"schema":{"@context":"https:\/\/schema.org","@graph":[{"@type":"WebPage","@id":"https:\/\/kidola.eu\/privacy-policy\/","url":"https:\/\/kidola.eu\/privacy-policy\/","name":"Privacy Policy - Kidola","isPartOf":{"@id":"https:\/\/kidola.eu\/be-en\/#website"},"datePublished":"2025-12-30T11:33:58+00:00","dateModified":"2026-01-21T09:05:07+00:00","breadcrumb":{"@id":"https:\/\/kidola.eu\/privacy-policy\/#breadcrumb"},"inLanguage":"fr-BE","potentialAction":[{"@type":"ReadAction","target":["https:\/\/kidola.eu\/privacy-policy\/"]}]},{"@type":"BreadcrumbList","@id":"https:\/\/kidola.eu\/privacy-policy\/#breadcrumb","itemListElement":[{"@type":"ListItem","position":1,"name":"Home","item":"https:\/\/kidola.eu\/"},{"@type":"ListItem","position":2,"name":"Privacy Policy"}]},{"@type":"WebSite","@id":"https:\/\/kidola.eu\/be-en\/#website","url":"https:\/\/kidola.eu\/be-en\/","name":"Kidola","description":"","publisher":{"@id":"https:\/\/kidola.eu\/be-en\/#organization"},"potentialAction":[{"@type":"SearchAction","target":{"@type":"EntryPoint","urlTemplate":"https:\/\/kidola.eu\/be-en\/?s={search_term_string}"},"query-input":{"@type":"PropertyValueSpecification","valueRequired":true,"valueName":"search_term_string"}}],"inLanguage":"fr-BE"},{"@type":"Organization","@id":"https:\/\/kidola.eu\/be-en\/#organization","name":"Kidola","url":"https:\/\/kidola.eu\/be-en\/","logo":{"@type":"ImageObject","inLanguage":"fr-BE","@id":"https:\/\/kidola.eu\/be-en\/#\/schema\/logo\/image\/","url":"https:\/\/kidola.eu\/wp-content\/uploads\/2025\/12\/Kidola-logo-1.webp","contentUrl":"https:\/\/kidola.eu\/wp-content\/uploads\/2025\/12\/Kidola-logo-1.webp","width":715,"height":216,"caption":"Kidola"},"image":{"@id":"https:\/\/kidola.eu\/be-en\/#\/schema\/logo\/image\/"},"sameAs":["https:\/\/www.facebook.com\/kidola.club\/","https:\/\/www.instagram.com\/kidola.club\/","https:\/\/www.linkedin.com\/company\/kidola\/"]}]}},"_links":{"self":[{"href":"http:\/\/kidola.eu\/be-fr\/wp-json\/wp\/v2\/pages\/2992","targetHints":{"allow":["GET"]}}],"collection":[{"href":"http:\/\/kidola.eu\/be-fr\/wp-json\/wp\/v2\/pages"}],"about":[{"href":"http:\/\/kidola.eu\/be-fr\/wp-json\/wp\/v2\/types\/page"}],"author":[{"embeddable":true,"href":"http:\/\/kidola.eu\/be-fr\/wp-json\/wp\/v2\/users\/3"}],"replies":[{"embeddable":true,"href":"http:\/\/kidola.eu\/be-fr\/wp-json\/wp\/v2\/comments?post=2992"}],"version-history":[{"count":4,"href":"http:\/\/kidola.eu\/be-fr\/wp-json\/wp\/v2\/pages\/2992\/revisions"}],"predecessor-version":[{"id":3070,"href":"http:\/\/kidola.eu\/be-fr\/wp-json\/wp\/v2\/pages\/2992\/revisions\/3070"}],"wp:attachment":[{"href":"http:\/\/kidola.eu\/be-fr\/wp-json\/wp\/v2\/media?parent=2992"}],"curies":[{"name":"wp","href":"https:\/\/api.w.org\/{rel}","templated":true}]}}