{"id":2829,"date":"2025-12-24T12:18:06","date_gmt":"2025-12-24T12:18:06","guid":{"rendered":"http:\/\/dxwkgyo.cluster121.hosting.ovh.net\/?page_id=2829"},"modified":"2025-12-30T13:26:19","modified_gmt":"2025-12-30T13:26:19","slug":"qui-nous-servons","status":"publish","type":"page","link":"http:\/\/kidola.eu\/be-fr\/qui-nous-servons\/","title":{"rendered":"Who We Serve"},"content":{"rendered":"<div data-elementor-type=\"wp-page\" data-elementor-id=\"2829\" class=\"elementor elementor-2829\" data-elementor-post-type=\"page\">\n\t\t\t\t\t\t<section data-dce-background-color=\"#5B6DF7\" class=\"elementor-section elementor-top-section elementor-element elementor-element-7826470 elementor-section-full_width elementor-section-height-default elementor-section-height-default\" data-id=\"7826470\" data-element_type=\"section\" data-e-type=\"section\" data-settings=\"{&quot;background_background&quot;:&quot;classic&quot;}\">\n\t\t\t\t\t\t<div class=\"elementor-container elementor-column-gap-default\">\n\t\t\t\t\t<div class=\"elementor-column elementor-col-100 elementor-top-column elementor-element elementor-element-d20eb51\" data-id=\"d20eb51\" data-element_type=\"column\" data-e-type=\"column\">\n\t\t\t<div class=\"elementor-widget-wrap elementor-element-populated\">\n\t\t\t\t\t\t<section class=\"elementor-section elementor-inner-section elementor-element elementor-element-7c9725a elementor-section-boxed elementor-section-height-default elementor-section-height-default\" data-id=\"7c9725a\" data-element_type=\"section\" data-e-type=\"section\">\n\t\t\t\t\t\t<div class=\"elementor-container elementor-column-gap-default\">\n\t\t\t\t\t<div class=\"elementor-column elementor-col-100 elementor-inner-column elementor-element elementor-element-ccc1f4c\" data-id=\"ccc1f4c\" data-element_type=\"column\" data-e-type=\"column\">\n\t\t\t<div class=\"elementor-widget-wrap elementor-element-populated\">\n\t\t\t\t\t\t<div data-dce-title-color=\"#FFFFFF\" class=\"elementor-element elementor-element-aa301a3 elementor-widget elementor-widget-heading\" data-id=\"aa301a3\" data-element_type=\"widget\" data-e-type=\"widget\" data-widget_type=\"heading.default\">\n\t\t\t\t\t<h1 class=\"elementor-heading-title elementor-size-default\">Un outil pens\u00e9 pour tous les professionnels de la petite enfance<\/h1>\t\t\t\t<\/div>\n\t\t\t\t<div data-dce-text-color=\"#FFFFFF\" class=\"elementor-element elementor-element-0b62af8 elementor-widget elementor-widget-text-editor\" data-id=\"0b62af8\" data-element_type=\"widget\" data-e-type=\"widget\" data-widget_type=\"text-editor.default\">\n\t\t\t\t\t\t\t\t\t<p>Cr\u00e8ches priv\u00e9es, structures publiques ou communales, accueillants \u00e0 domicile\u2026 <br \/>La petite enfance prend mille formes et Kidola s\u2019adapte \u00e0 chacune d\u2019elles.<br \/>Notre mission : accompagner tous les professionnels de l\u2019accueil en simplifiant <br>\nle quotidien, la communication avec les familles et la gestion administrative.<\/p>\t\t\t\t\t\t\t\t<\/div>\n\t\t\t\t\t<\/div>\n\t\t<\/div>\n\t\t\t\t\t<\/div>\n\t\t<\/section>\n\t\t\t\t<section class=\"elementor-section elementor-inner-section elementor-element elementor-element-cc2ce94 elementor-section-boxed elementor-section-height-default elementor-section-height-default\" data-id=\"cc2ce94\" data-element_type=\"section\" data-e-type=\"section\">\n\t\t\t\t\t\t<div class=\"elementor-container elementor-column-gap-default\">\n\t\t\t\t\t<div class=\"elementor-column elementor-col-100 elementor-inner-column elementor-element elementor-element-18c54db\" data-id=\"18c54db\" data-element_type=\"column\" data-e-type=\"column\">\n\t\t\t<div class=\"elementor-widget-wrap elementor-element-populated\">\n\t\t\t\t\t\t<div class=\"elementor-element elementor-element-ef8e4a7 elementor-align-center elementor-widget elementor-widget-button\" data-id=\"ef8e4a7\" data-element_type=\"widget\" data-e-type=\"widget\" data-widget_type=\"button.default\">\n\t\t\t\t\t\t\t\t\t\t<a class=\"elementor-button elementor-button-link elementor-size-sm\" href=\"http:\/\/kidola.eu\/be-fr\/demander-une-demo\/\">\n\t\t\t\t\t\t<span class=\"elementor-button-content-wrapper\">\n\t\t\t\t\t\t\t\t\t<span class=\"elementor-button-text\">Demander une d\u00e9mo<\/span>\n\t\t\t\t\t<\/span>\n\t\t\t\t\t<\/a>\n\t\t\t\t\t\t\t\t<\/div>\n\t\t\t\t\t<\/div>\n\t\t<\/div>\n\t\t\t\t\t<\/div>\n\t\t<\/section>\n\t\t\t\t\t<\/div>\n\t\t<\/div>\n\t\t\t\t\t<\/div>\n\t\t<\/section>\n\t\t\t\t<section data-dce-background-image-url=\"http:\/\/kidola.eu\/wp-content\/uploads\/2025\/11\/Rectangle-317.png\" class=\"elementor-section elementor-top-section elementor-element elementor-element-eafa995 who-we-serve elementor-section-boxed elementor-section-height-default elementor-section-height-default\" data-id=\"eafa995\" data-element_type=\"section\" data-e-type=\"section\" data-settings=\"{&quot;background_background&quot;:&quot;classic&quot;}\">\n\t\t\t\t\t\t<div class=\"elementor-container elementor-column-gap-default\">\n\t\t\t\t\t<div class=\"elementor-column elementor-col-100 elementor-top-column elementor-element elementor-element-21742bb\" data-id=\"21742bb\" data-element_type=\"column\" data-e-type=\"column\">\n\t\t\t<div class=\"elementor-widget-wrap elementor-element-populated\">\n\t\t\t\t\t\t<section class=\"elementor-section elementor-inner-section elementor-element elementor-element-624b068 elementor-section-boxed elementor-section-height-default elementor-section-height-default\" data-id=\"624b068\" data-element_type=\"section\" data-e-type=\"section\" data-settings=\"{&quot;background_background&quot;:&quot;classic&quot;}\">\n\t\t\t\t\t\t<div class=\"elementor-container elementor-column-gap-default\">\n\t\t\t\t\t<div class=\"elementor-column elementor-col-25 elementor-inner-column elementor-element elementor-element-db9d75e\" data-id=\"db9d75e\" data-element_type=\"column\" data-e-type=\"column\">\n\t\t\t<div class=\"elementor-widget-wrap elementor-element-populated\">\n\t\t\t\t\t\t<section class=\"elementor-section elementor-inner-section elementor-element elementor-element-a30a183 nurs_box elementor-section-boxed elementor-section-height-default elementor-section-height-default\" data-id=\"a30a183\" data-element_type=\"section\" data-e-type=\"section\">\n\t\t\t\t\t\t<div class=\"elementor-container elementor-column-gap-no\">\n\t\t\t\t\t<div class=\"elementor-column elementor-col-100 elementor-inner-column elementor-element elementor-element-661ffc3\" data-id=\"661ffc3\" data-element_type=\"column\" data-e-type=\"column\">\n\t\t\t<div class=\"elementor-widget-wrap elementor-element-populated\">\n\t\t\t\t\t\t<div data-dce-title-color=\"#5B6DF7\" class=\"elementor-element elementor-element-337c05e elementor-widget elementor-widget-heading\" data-id=\"337c05e\" data-element_type=\"widget\" data-e-type=\"widget\" data-widget_type=\"heading.default\">\n\t\t\t\t\t<h3 class=\"elementor-heading-title elementor-size-default\">Cr\u00e8ches priv\u00e9es\n<\/h3>\t\t\t\t<\/div>\n\t\t\t\t<div data-dce-text-color=\"#2E3252\" class=\"elementor-element elementor-element-59ffe61 elementor-widget elementor-widget-text-editor\" data-id=\"59ffe61\" data-element_type=\"widget\" data-e-type=\"widget\" data-widget_type=\"text-editor.default\">\n\t\t\t\t\t\t\t\t\t<p>Vous g\u00e9rez une structure ind\u00e9pendante et jonglez chaque jour entre pr\u00e9sences, transmissions, facturation et coordination d\u2019\u00e9quipe ?\nKidola devient votre alli\u00e9 pour fluidifier l\u2019organisation, gagner du temps et vous concentrer sur l\u2019essentiel : l\u2019accueil des enfants.<\/p>\t\t\t\t\t\t\t\t<\/div>\n\t\t\t\t\t<\/div>\n\t\t<\/div>\n\t\t\t\t\t<\/div>\n\t\t<\/section>\n\t\t\t\t\t<\/div>\n\t\t<\/div>\n\t\t\t\t<div class=\"elementor-column elementor-col-25 elementor-inner-column elementor-element elementor-element-a579f7d\" data-id=\"a579f7d\" data-element_type=\"column\" data-e-type=\"column\">\n\t\t\t<div class=\"elementor-widget-wrap elementor-element-populated\">\n\t\t\t\t\t\t<section class=\"elementor-section elementor-inner-section elementor-element elementor-element-0bf4bf7 nurs_box elementor-section-boxed elementor-section-height-default elementor-section-height-default\" data-id=\"0bf4bf7\" data-element_type=\"section\" data-e-type=\"section\">\n\t\t\t\t\t\t<div class=\"elementor-container elementor-column-gap-no\">\n\t\t\t\t\t<div class=\"elementor-column elementor-col-100 elementor-inner-column elementor-element elementor-element-2477171\" data-id=\"2477171\" data-element_type=\"column\" data-e-type=\"column\">\n\t\t\t<div class=\"elementor-widget-wrap elementor-element-populated\">\n\t\t\t\t\t\t<div data-dce-title-color=\"#5B6DF7\" class=\"elementor-element elementor-element-93ca9b7 elementor-widget elementor-widget-heading\" data-id=\"93ca9b7\" data-element_type=\"widget\" data-e-type=\"widget\" data-widget_type=\"heading.default\">\n\t\t\t\t\t<h3 class=\"elementor-heading-title elementor-size-default\">Pourquoi les cr\u00e8ches priv\u00e9es choisissent Kidola ?\n<\/h3>\t\t\t\t<\/div>\n\t\t\t\t<div data-dce-text-color=\"#2E3252\" class=\"elementor-element elementor-element-36548d0 elementor-widget elementor-widget-text-editor\" data-id=\"36548d0\" data-element_type=\"widget\" data-e-type=\"widget\" data-widget_type=\"text-editor.default\">\n\t\t\t\t\t\t\t\t\t<p>Un quotidien fluide et bien organis\u00e9<br \/>Pr\u00e9sences, activit\u00e9s, repas, siestes\u2026 tout est centralis\u00e9 au m\u00eame endroit. <br> Votre \u00e9quipe sait exactement quoi faire, quand et comment, sans courir apr\u00e8s l\u2019info.<br \/>Une communication claire avec les parents<br \/>Photos, messages, infos du jour en temps r\u00e9el. <br>\nR\u00e9sultat : moins d\u2019appels, moins de questions de derni\u00e8re minute\u2026 et des parents rassur\u00e9s.<\/p>\t\t\t\t\t\t\t\t<\/div>\n\t\t\t\t\t<\/div>\n\t\t<\/div>\n\t\t\t\t\t<\/div>\n\t\t<\/section>\n\t\t\t\t\t<\/div>\n\t\t<\/div>\n\t\t\t\t<div class=\"elementor-column elementor-col-25 elementor-inner-column elementor-element elementor-element-58a892b\" data-id=\"58a892b\" data-element_type=\"column\" data-e-type=\"column\">\n\t\t\t<div class=\"elementor-widget-wrap elementor-element-populated\">\n\t\t\t\t\t\t<section class=\"elementor-section elementor-inner-section elementor-element elementor-element-de23fd6 nurs_box elementor-section-boxed elementor-section-height-default elementor-section-height-default\" data-id=\"de23fd6\" data-element_type=\"section\" data-e-type=\"section\">\n\t\t\t\t\t\t<div class=\"elementor-container elementor-column-gap-no\">\n\t\t\t\t\t<div class=\"elementor-column elementor-col-100 elementor-inner-column elementor-element elementor-element-df547cb\" data-id=\"df547cb\" data-element_type=\"column\" data-e-type=\"column\">\n\t\t\t<div class=\"elementor-widget-wrap elementor-element-populated\">\n\t\t\t\t\t\t<div data-dce-title-color=\"#5B6DF7\" class=\"elementor-element elementor-element-60d4d4c elementor-widget elementor-widget-heading\" data-id=\"60d4d4c\" data-element_type=\"widget\" data-e-type=\"widget\" data-widget_type=\"heading.default\">\n\t\t\t\t\t<h3 class=\"elementor-heading-title elementor-size-default\">Cr\u00e8ches publiques &amp; communales\n<\/h3>\t\t\t\t<\/div>\n\t\t\t\t<div data-dce-text-color=\"#2E3252\" class=\"elementor-element elementor-element-f467429 elementor-widget elementor-widget-text-editor\" data-id=\"f467429\" data-element_type=\"widget\" data-e-type=\"widget\" data-widget_type=\"text-editor.default\">\n\t\t\t\t\t\t\t\t\t<p>Vous travaillez au sein d\u2019un r\u00e9seau communal ou d\u2019une structure subventionn\u00e9e ? <br>\nKidola r\u00e9pond aux exigences du secteur public avec des outils structur\u00e9s, fiables et simples \u00e0 utiliser, pens\u00e9s pour les \u00e9quipes comme pour l\u2019administration.<\/p>\t\t\t\t\t\t\t\t<\/div>\n\t\t\t\t\t<\/div>\n\t\t<\/div>\n\t\t\t\t\t<\/div>\n\t\t<\/section>\n\t\t\t\t\t<\/div>\n\t\t<\/div>\n\t\t\t\t<div class=\"elementor-column elementor-col-25 elementor-inner-column elementor-element elementor-element-dc1c59a\" data-id=\"dc1c59a\" data-element_type=\"column\" data-e-type=\"column\">\n\t\t\t<div class=\"elementor-widget-wrap elementor-element-populated\">\n\t\t\t\t\t\t<section class=\"elementor-section elementor-inner-section elementor-element elementor-element-78dd46b nurs_box elementor-section-boxed elementor-section-height-default elementor-section-height-default\" data-id=\"78dd46b\" data-element_type=\"section\" data-e-type=\"section\">\n\t\t\t\t\t\t<div class=\"elementor-container elementor-column-gap-no\">\n\t\t\t\t\t<div class=\"elementor-column elementor-col-100 elementor-inner-column elementor-element elementor-element-8d0a6c5\" data-id=\"8d0a6c5\" data-element_type=\"column\" data-e-type=\"column\">\n\t\t\t<div class=\"elementor-widget-wrap elementor-element-populated\">\n\t\t\t\t\t\t<div data-dce-title-color=\"#5B6DF7\" class=\"elementor-element elementor-element-18ea61d elementor-widget elementor-widget-heading\" data-id=\"18ea61d\" data-element_type=\"widget\" data-e-type=\"widget\" data-widget_type=\"heading.default\">\n\t\t\t\t\t<h3 class=\"elementor-heading-title elementor-size-default\">Pourquoi les structures publiques font confiance \u00e0 Kidola ?<\/h3>\t\t\t\t<\/div>\n\t\t\t\t<div data-dce-text-color=\"#2E3252\" class=\"elementor-element elementor-element-af19447 elementor-widget elementor-widget-text-editor\" data-id=\"af19447\" data-element_type=\"widget\" data-e-type=\"widget\" data-widget_type=\"text-editor.default\">\n\t\t\t\t\t\t\t\t\t<p>Des rapports clairs et fiables<br \/>Pr\u00e9sences, activit\u00e9s, donn\u00e9es administratives\u2026 <br>\nTout est g\u00e9n\u00e9r\u00e9 facilement, sans erreurs ni stress de fin de mois.<br \/>Une coordination d\u2019\u00e9quipe simplifi\u00e9e<br \/>Chaque professionnel dispose d\u2019une vue claire sur les plannings, les besoins des enfants et les transitions de groupe. <br>\nLes relais se font naturellement, sans perte d\u2019information.<\/p>\t\t\t\t\t\t\t\t<\/div>\n\t\t\t\t\t<\/div>\n\t\t<\/div>\n\t\t\t\t\t<\/div>\n\t\t<\/section>\n\t\t\t\t\t<\/div>\n\t\t<\/div>\n\t\t\t\t\t<\/div>\n\t\t<\/section>\n\t\t\t\t<section class=\"elementor-section elementor-inner-section elementor-element elementor-element-1007af5 elementor-section-boxed elementor-section-height-default elementor-section-height-default\" data-id=\"1007af5\" data-element_type=\"section\" data-e-type=\"section\" data-settings=\"{&quot;background_background&quot;:&quot;classic&quot;}\">\n\t\t\t\t\t\t<div class=\"elementor-container elementor-column-gap-default\">\n\t\t\t\t\t<div class=\"elementor-column elementor-col-50 elementor-inner-column elementor-element elementor-element-ee00c93\" data-id=\"ee00c93\" data-element_type=\"column\" data-e-type=\"column\">\n\t\t\t<div class=\"elementor-widget-wrap elementor-element-populated\">\n\t\t\t\t\t\t<section class=\"elementor-section elementor-inner-section elementor-element elementor-element-f077c0e nurs_box elementor-section-boxed elementor-section-height-default elementor-section-height-default\" data-id=\"f077c0e\" data-element_type=\"section\" data-e-type=\"section\">\n\t\t\t\t\t\t<div class=\"elementor-container elementor-column-gap-no\">\n\t\t\t\t\t<div class=\"elementor-column elementor-col-100 elementor-inner-column elementor-element elementor-element-5a59d25\" data-id=\"5a59d25\" data-element_type=\"column\" data-e-type=\"column\">\n\t\t\t<div class=\"elementor-widget-wrap elementor-element-populated\">\n\t\t\t\t\t\t<div data-dce-title-color=\"#5B6DF7\" class=\"elementor-element elementor-element-e4dd4c9 elementor-widget elementor-widget-heading\" data-id=\"e4dd4c9\" data-element_type=\"widget\" data-e-type=\"widget\" data-widget_type=\"heading.default\">\n\t\t\t\t\t<h3 class=\"elementor-heading-title elementor-size-default\">Accueillants \u00e0 domicile \n<\/h3>\t\t\t\t<\/div>\n\t\t\t\t<div data-dce-text-color=\"#2E3252\" class=\"elementor-element elementor-element-5e5297c elementor-widget elementor-widget-text-editor\" data-id=\"5e5297c\" data-element_type=\"widget\" data-e-type=\"widget\" data-widget_type=\"text-editor.default\">\n\t\t\t\t\t\t\t\t\t<p>Vous accueillez les enfants chez vous et cherchez une solution simple, mobile et intuitive ? <br>\nKidola vous accompagne au quotidien, directement depuis votre t\u00e9l\u00e9phone.<\/p>\t\t\t\t\t\t\t\t<\/div>\n\t\t\t\t\t<\/div>\n\t\t<\/div>\n\t\t\t\t\t<\/div>\n\t\t<\/section>\n\t\t\t\t\t<\/div>\n\t\t<\/div>\n\t\t\t\t<div class=\"elementor-column elementor-col-50 elementor-inner-column elementor-element elementor-element-8b83b12\" data-id=\"8b83b12\" data-element_type=\"column\" data-e-type=\"column\">\n\t\t\t<div class=\"elementor-widget-wrap elementor-element-populated\">\n\t\t\t\t\t\t<section class=\"elementor-section elementor-inner-section elementor-element elementor-element-cc9c4a9 nurs_box elementor-section-boxed elementor-section-height-default elementor-section-height-default\" data-id=\"cc9c4a9\" data-element_type=\"section\" data-e-type=\"section\">\n\t\t\t\t\t\t<div class=\"elementor-container elementor-column-gap-no\">\n\t\t\t\t\t<div class=\"elementor-column elementor-col-100 elementor-inner-column elementor-element elementor-element-b2fcf17\" data-id=\"b2fcf17\" data-element_type=\"column\" data-e-type=\"column\">\n\t\t\t<div class=\"elementor-widget-wrap elementor-element-populated\">\n\t\t\t\t\t\t<div data-dce-title-color=\"#5B6DF7\" class=\"elementor-element elementor-element-2c0020a elementor-widget elementor-widget-heading\" data-id=\"2c0020a\" data-element_type=\"widget\" data-e-type=\"widget\" data-widget_type=\"heading.default\">\n\t\t\t\t\t<h3 class=\"elementor-heading-title elementor-size-default\">Pourquoi les accueillant\u00b7e\u00b7s \u00e0 domicile adorent Kidola ?\n<\/h3>\t\t\t\t<\/div>\n\t\t\t\t<div data-dce-text-color=\"#2E3252\" class=\"elementor-element elementor-element-4061fbb elementor-widget elementor-widget-text-editor\" data-id=\"4061fbb\" data-element_type=\"widget\" data-e-type=\"widget\" data-widget_type=\"text-editor.default\">\n\t\t\t\t\t\t\t\t\t<p>Un suivi des pr\u00e9sences ultra simple<br \/>Arriv\u00e9es, d\u00e9parts, repas, siestes\u2026 tout s\u2019encode en quelques secondes, o\u00f9 que vous soyez.<br \/>Une communication instantan\u00e9e avec les familles<br \/>Partagez des photos, des nouvelles et des petits moments de la journ\u00e9e. <br>\nLes parents se sentent proches, inform\u00e9s\u2026 et en confiance.<\/p>\t\t\t\t\t\t\t\t<\/div>\n\t\t\t\t\t<\/div>\n\t\t<\/div>\n\t\t\t\t\t<\/div>\n\t\t<\/section>\n\t\t\t\t\t<\/div>\n\t\t<\/div>\n\t\t\t\t\t<\/div>\n\t\t<\/section>\n\t\t\t\t\t<\/div>\n\t\t<\/div>\n\t\t\t\t\t<\/div>\n\t\t<\/section>\n\t\t\t\t<\/div>","protected":false},"excerpt":{"rendered":"<p>Belgium has a rich and diverse early-childhood landscape. Kidola supports all childcare professionals, from home-based caregivers to large municipal centers by simplifying daily operations,communication, and compliance Ask a Demo Private childcare centers You operate an independent childcare structure and need a reliable tool to manage daily operations, parent communication, and team coordination. Kidola helps you [&hellip;]<\/p>\n","protected":false},"author":3,"featured_media":0,"parent":0,"menu_order":0,"comment_status":"closed","ping_status":"closed","template":"","meta":{"_acf_changed":false,"content-type":"","footnotes":""},"class_list":["post-2829","page","type-page","status-publish","hentry"],"acf":[],"yoast_head":"<!-- This site is optimized with the Yoast SEO plugin v27.4 - https:\/\/yoast.com\/product\/yoast-seo-wordpress\/ -->\n<title>Who We Serve - Kidola<\/title>\n<meta name=\"robots\" content=\"index, follow, max-snippet:-1, max-image-preview:large, max-video-preview:-1\" \/>\n<link rel=\"canonical\" href=\"https:\/\/kidola.eu\/be-fr\/qui-nous-servons\/\" \/>\n<meta property=\"og:locale\" content=\"fr_FR\" \/>\n<meta property=\"og:type\" content=\"article\" \/>\n<meta property=\"og:title\" content=\"Who We Serve - Kidola\" \/>\n<meta property=\"og:description\" content=\"Belgium has a rich and diverse early-childhood landscape. Kidola supports all childcare professionals, from home-based caregivers to large municipal centers by simplifying daily operations,communication, and compliance Ask a Demo Private childcare centers You operate an independent childcare structure and need a reliable tool to manage daily operations, parent communication, and team coordination. Kidola helps you [&hellip;]\" \/>\n<meta property=\"og:url\" content=\"https:\/\/kidola.eu\/be-fr\/qui-nous-servons\/\" \/>\n<meta property=\"og:site_name\" content=\"Kidola\" \/>\n<meta property=\"article:publisher\" content=\"https:\/\/www.facebook.com\/kidola.club\/\" \/>\n<meta property=\"article:modified_time\" content=\"2025-12-30T13:26:19+00:00\" \/>\n<meta name=\"twitter:card\" content=\"summary_large_image\" \/>\n<meta name=\"twitter:label1\" content=\"Dur\u00e9e de lecture est.\" \/>\n\t<meta name=\"twitter:data1\" content=\"1 minute\" \/>\n<script type=\"application\/ld+json\" class=\"yoast-schema-graph\">{\"@context\":\"https:\\\/\\\/schema.org\",\"@graph\":[{\"@type\":\"WebPage\",\"@id\":\"https:\\\/\\\/kidola.eu\\\/who-we-serve\\\/\",\"url\":\"https:\\\/\\\/kidola.eu\\\/who-we-serve\\\/\",\"name\":\"Who We Serve - Kidola\",\"isPartOf\":{\"@id\":\"https:\\\/\\\/kidola.eu\\\/be-en\\\/#website\"},\"datePublished\":\"2025-12-24T12:18:06+00:00\",\"dateModified\":\"2025-12-30T13:26:19+00:00\",\"breadcrumb\":{\"@id\":\"https:\\\/\\\/kidola.eu\\\/who-we-serve\\\/#breadcrumb\"},\"inLanguage\":\"fr-BE\",\"potentialAction\":[{\"@type\":\"ReadAction\",\"target\":[\"https:\\\/\\\/kidola.eu\\\/who-we-serve\\\/\"]}]},{\"@type\":\"BreadcrumbList\",\"@id\":\"https:\\\/\\\/kidola.eu\\\/who-we-serve\\\/#breadcrumb\",\"itemListElement\":[{\"@type\":\"ListItem\",\"position\":1,\"name\":\"Home\",\"item\":\"https:\\\/\\\/kidola.eu\\\/\"},{\"@type\":\"ListItem\",\"position\":2,\"name\":\"Who We Serve\"}]},{\"@type\":\"WebSite\",\"@id\":\"https:\\\/\\\/kidola.eu\\\/be-en\\\/#website\",\"url\":\"https:\\\/\\\/kidola.eu\\\/be-en\\\/\",\"name\":\"Kidola\",\"description\":\"\",\"publisher\":{\"@id\":\"https:\\\/\\\/kidola.eu\\\/be-en\\\/#organization\"},\"potentialAction\":[{\"@type\":\"SearchAction\",\"target\":{\"@type\":\"EntryPoint\",\"urlTemplate\":\"https:\\\/\\\/kidola.eu\\\/be-en\\\/?s={search_term_string}\"},\"query-input\":{\"@type\":\"PropertyValueSpecification\",\"valueRequired\":true,\"valueName\":\"search_term_string\"}}],\"inLanguage\":\"fr-BE\"},{\"@type\":\"Organization\",\"@id\":\"https:\\\/\\\/kidola.eu\\\/be-en\\\/#organization\",\"name\":\"Kidola\",\"url\":\"https:\\\/\\\/kidola.eu\\\/be-en\\\/\",\"logo\":{\"@type\":\"ImageObject\",\"inLanguage\":\"fr-BE\",\"@id\":\"https:\\\/\\\/kidola.eu\\\/be-en\\\/#\\\/schema\\\/logo\\\/image\\\/\",\"url\":\"https:\\\/\\\/kidola.eu\\\/wp-content\\\/uploads\\\/2025\\\/12\\\/Kidola-logo-1.webp\",\"contentUrl\":\"https:\\\/\\\/kidola.eu\\\/wp-content\\\/uploads\\\/2025\\\/12\\\/Kidola-logo-1.webp\",\"width\":715,\"height\":216,\"caption\":\"Kidola\"},\"image\":{\"@id\":\"https:\\\/\\\/kidola.eu\\\/be-en\\\/#\\\/schema\\\/logo\\\/image\\\/\"},\"sameAs\":[\"https:\\\/\\\/www.facebook.com\\\/kidola.club\\\/\",\"https:\\\/\\\/www.instagram.com\\\/kidola.club\\\/\",\"https:\\\/\\\/www.linkedin.com\\\/company\\\/kidola\\\/\"]}]}<\/script>\n<!-- \/ Yoast SEO plugin. -->","yoast_head_json":{"title":"Who We Serve - Kidola","robots":{"index":"index","follow":"follow","max-snippet":"max-snippet:-1","max-image-preview":"max-image-preview:large","max-video-preview":"max-video-preview:-1"},"canonical":"https:\/\/kidola.eu\/be-fr\/qui-nous-servons\/","og_locale":"fr_FR","og_type":"article","og_title":"Who We Serve - Kidola","og_description":"Belgium has a rich and diverse early-childhood landscape. Kidola supports all childcare professionals, from home-based caregivers to large municipal centers by simplifying daily operations,communication, and compliance Ask a Demo Private childcare centers You operate an independent childcare structure and need a reliable tool to manage daily operations, parent communication, and team coordination. Kidola helps you [&hellip;]","og_url":"https:\/\/kidola.eu\/be-fr\/qui-nous-servons\/","og_site_name":"Kidola","article_publisher":"https:\/\/www.facebook.com\/kidola.club\/","article_modified_time":"2025-12-30T13:26:19+00:00","twitter_card":"summary_large_image","twitter_misc":{"Dur\u00e9e de lecture est.":"1 minute"},"schema":{"@context":"https:\/\/schema.org","@graph":[{"@type":"WebPage","@id":"https:\/\/kidola.eu\/who-we-serve\/","url":"https:\/\/kidola.eu\/who-we-serve\/","name":"Who We Serve - Kidola","isPartOf":{"@id":"https:\/\/kidola.eu\/be-en\/#website"},"datePublished":"2025-12-24T12:18:06+00:00","dateModified":"2025-12-30T13:26:19+00:00","breadcrumb":{"@id":"https:\/\/kidola.eu\/who-we-serve\/#breadcrumb"},"inLanguage":"fr-BE","potentialAction":[{"@type":"ReadAction","target":["https:\/\/kidola.eu\/who-we-serve\/"]}]},{"@type":"BreadcrumbList","@id":"https:\/\/kidola.eu\/who-we-serve\/#breadcrumb","itemListElement":[{"@type":"ListItem","position":1,"name":"Home","item":"https:\/\/kidola.eu\/"},{"@type":"ListItem","position":2,"name":"Who We Serve"}]},{"@type":"WebSite","@id":"https:\/\/kidola.eu\/be-en\/#website","url":"https:\/\/kidola.eu\/be-en\/","name":"Kidola","description":"","publisher":{"@id":"https:\/\/kidola.eu\/be-en\/#organization"},"potentialAction":[{"@type":"SearchAction","target":{"@type":"EntryPoint","urlTemplate":"https:\/\/kidola.eu\/be-en\/?s={search_term_string}"},"query-input":{"@type":"PropertyValueSpecification","valueRequired":true,"valueName":"search_term_string"}}],"inLanguage":"fr-BE"},{"@type":"Organization","@id":"https:\/\/kidola.eu\/be-en\/#organization","name":"Kidola","url":"https:\/\/kidola.eu\/be-en\/","logo":{"@type":"ImageObject","inLanguage":"fr-BE","@id":"https:\/\/kidola.eu\/be-en\/#\/schema\/logo\/image\/","url":"https:\/\/kidola.eu\/wp-content\/uploads\/2025\/12\/Kidola-logo-1.webp","contentUrl":"https:\/\/kidola.eu\/wp-content\/uploads\/2025\/12\/Kidola-logo-1.webp","width":715,"height":216,"caption":"Kidola"},"image":{"@id":"https:\/\/kidola.eu\/be-en\/#\/schema\/logo\/image\/"},"sameAs":["https:\/\/www.facebook.com\/kidola.club\/","https:\/\/www.instagram.com\/kidola.club\/","https:\/\/www.linkedin.com\/company\/kidola\/"]}]}},"_links":{"self":[{"href":"http:\/\/kidola.eu\/be-fr\/wp-json\/wp\/v2\/pages\/2829","targetHints":{"allow":["GET"]}}],"collection":[{"href":"http:\/\/kidola.eu\/be-fr\/wp-json\/wp\/v2\/pages"}],"about":[{"href":"http:\/\/kidola.eu\/be-fr\/wp-json\/wp\/v2\/types\/page"}],"author":[{"embeddable":true,"href":"http:\/\/kidola.eu\/be-fr\/wp-json\/wp\/v2\/users\/3"}],"replies":[{"embeddable":true,"href":"http:\/\/kidola.eu\/be-fr\/wp-json\/wp\/v2\/comments?post=2829"}],"version-history":[{"count":76,"href":"http:\/\/kidola.eu\/be-fr\/wp-json\/wp\/v2\/pages\/2829\/revisions"}],"predecessor-version":[{"id":3050,"href":"http:\/\/kidola.eu\/be-fr\/wp-json\/wp\/v2\/pages\/2829\/revisions\/3050"}],"wp:attachment":[{"href":"http:\/\/kidola.eu\/be-fr\/wp-json\/wp\/v2\/media?parent=2829"}],"curies":[{"name":"wp","href":"https:\/\/api.w.org\/{rel}","templated":true}]}}